{"id":1464,"date":"2022-05-21T15:18:55","date_gmt":"2022-05-21T15:18:55","guid":{"rendered":"https:\/\/elenaartesescenicas.es\/?page_id=1464"},"modified":"2022-05-21T15:45:30","modified_gmt":"2022-05-21T15:45:30","slug":"contacto-prueba","status":"publish","type":"page","link":"https:\/\/elenaartesescenicas.es\/en\/contacto-prueba\/","title":{"rendered":"Contact"},"content":{"rendered":"<p>[et_pb_section fb_built=\u00bb1&#8243; fullwidth=\u00bbon\u00bb admin_label=\u00bbHero Section\u00bb _builder_version=\u00bb4.16.1&#8243; background_color=\u00bbrgba(255,255,255,0.7)\u00bb animation_style=\u00bbzoom\u00bb animation_direction=\u00bbbottom\u00bb animation_intensity_zoom=\u00bb4%\u00bb hover_enabled=\u00bb0&#8243; global_colors_info=\u00bb{}\u00bb sticky_enabled=\u00bb0&#8243;][et_pb_fullwidth_header title=\u00bbContacto\u00bb text_orientation=\u00bbcenter\u00bb background_overlay_color=\u00bbrgba(255,255,255,0.85)\u00bb title_font_color=\u00bb#444235&#8243; subhead_font_color=\u00bb#444235&#8243; admin_label=\u00bbHero\u00bb _builder_version=\u00bb4.16.1&#8243; title_font=\u00bbComfortaa||||\u00bb title_text_color=\u00bb#444235&#8243; title_font_size=\u00bb65px\u00bb title_line_height=\u00bb1.3em\u00bb subhead_font=\u00bbOpen Sans|||on|\u00bb subhead_text_color=\u00bb#444235&#8243; subhead_font_size=\u00bb20px\u00bb subhead_letter_spacing=\u00bb8px\u00bb subhead_line_height=\u00bb2em\u00bb background_color=\u00bbrgba(255, 255, 255, 0)\u00bb background_image=\u00bbhttps:\/\/elenaartesescenicas.es\/wp-content\/uploads\/2020\/09\/theatre-1093861_1920.jpg\u00bb parallax=\u00bbon\u00bb parallax_method=\u00bbon\u00bb custom_button_one=\u00bbon\u00bb button_one_text_size=\u00bb16px\u00bb button_one_text_color=\u00bb#ffffff\u00bb button_one_bg_color=\u00bb#d1af83&#8243; button_one_border_width=\u00bb10px\u00bb button_one_border_color=\u00bb#d1af83&#8243; button_one_border_radius=\u00bb0px\u00bb button_one_letter_spacing=\u00bb6px\u00bb button_one_font=\u00bbOpen Sans||||\u00bb button_one_icon=\u00bb&#x24;||divi||400&#8243; button_one_icon_color=\u00bb#ffffff\u00bb button_one_on_hover=\u00bboff\u00bb background_layout=\u00bblight\u00bb custom_padding=\u00bb100px||53px|||\u00bb animation_style=\u00bbfade\u00bb title_font_size_tablet=\u00bb50px\u00bb title_font_size_phone=\u00bb40px\u00bb title_font_size_last_edited=\u00bbon|phone\u00bb button_one_letter_spacing_hover=\u00bb10px\u00bb saved_tabs=\u00bball\u00bb global_colors_info=\u00bb{}\u00bb button_one_text_size__hover_enabled=\u00bboff\u00bb button_two_text_size__hover_enabled=\u00bboff\u00bb button_one_text_color__hover_enabled=\u00bboff\u00bb button_two_text_color__hover_enabled=\u00bboff\u00bb button_one_border_width__hover_enabled=\u00bboff\u00bb button_two_border_width__hover_enabled=\u00bboff\u00bb button_one_border_color__hover_enabled=\u00bboff\u00bb button_two_border_color__hover_enabled=\u00bboff\u00bb button_one_border_radius__hover_enabled=\u00bboff\u00bb button_two_border_radius__hover_enabled=\u00bboff\u00bb button_one_letter_spacing__hover_enabled=\u00bbon\u00bb button_one_letter_spacing__hover=\u00bb10px\u00bb button_two_letter_spacing__hover_enabled=\u00bboff\u00bb button_one_bg_color__hover_enabled=\u00bboff\u00bb button_two_bg_color__hover_enabled=\u00bboff\u00bb]<\/p>\n<h3 class=\"et_pb_contact_main_title\"><span style=\"font-size: large;\">Env\u00edame un mensaje y te responder\u00e9 lo antes posible, gracias.<\/span><br \/><span style=\"font-size: large;\">Tambi\u00e9n puedes llamarme al + 34 629159537<\/span><\/h3>\n<p>[\/et_pb_fullwidth_header][\/et_pb_section][et_pb_section fb_built=\u00bb1&#8243; admin_label=\u00bbContact Form Section\u00bb _builder_version=\u00bb4.16&#8243; custom_padding=\u00bb5px||0px|||\u00bb global_colors_info=\u00bb{}\u00bb][et_pb_row _builder_version=\u00bb4.16&#8243; background_size=\u00bbinitial\u00bb background_position=\u00bbtop_left\u00bb background_repeat=\u00bbrepeat\u00bb custom_margin=\u00bb|auto|2px|auto||\u00bb custom_width_px=\u00bb800px\u00bb global_colors_info=\u00bb{}\u00bb][et_pb_column type=\u00bb4_4&#8243; _builder_version=\u00bb4.16&#8243; custom_padding=\u00bb|||\u00bb global_colors_info=\u00bb{}\u00bb custom_padding__hover=\u00bb|||\u00bb][et_pb_contact_form captcha=\u00bboff\u00bb email=\u00bbelena.artesescenicas@gmail.com\u00bb custom_message=\u00bbMensaje de la web\u00bb success_message=\u00bb  Gracias, te respondo en breve.\u00bb submit_button_text=\u00bbENVIAR\u00bb module_id=\u00bbet_pb_contact_form_0&#8243; _builder_version=\u00bb4.16.1&#8243; _unique_id=\u00bb7150d6af-8ec9-40e8-bd15-a0d53cc1dd94&#8243; form_field_background_color=\u00bb#f8f6f4&#8243; form_field_text_color=\u00bbrgba(68,66,53,0.8)\u00bb form_field_font=\u00bbOpen Sans||||\u00bb form_field_font_size=\u00bb16px\u00bb custom_button=\u00bbon\u00bb button_text_size=\u00bb16px\u00bb button_text_color=\u00bb#ffffff\u00bb button_bg_color=\u00bbrgba(0,0,0,0.18)\u00bb button_border_width=\u00bb0px\u00bb button_border_color=\u00bb#d1af83&#8243; button_border_radius=\u00bb0px\u00bb button_letter_spacing=\u00bb6px\u00bb button_font=\u00bb|||on|\u00bb button_icon=\u00bb&#x24;||divi||400&#8243; button_on_hover=\u00bboff\u00bb custom_margin=\u00bb60px|||\u00bb animation_style=\u00bbzoom\u00bb animation_direction=\u00bbleft\u00bb animation_intensity_zoom=\u00bb10%\u00bb border_width_all=\u00bb1px\u00bb border_color_all=\u00bb#571830&#8243; global_colors_info=\u00bb{}\u00bb filter_contrast__hover_enabled=\u00bbon|desktop\u00bb][et_pb_contact_field field_id=\u00bbName\u00bb field_title=\u00bbNombre\u00bb _builder_version=\u00bb4.16&#8243; global_colors_info=\u00bb{}\u00bb button_text_size__hover_enabled=\u00bboff\u00bb button_one_text_size__hover_enabled=\u00bboff\u00bb button_two_text_size__hover_enabled=\u00bboff\u00bb button_text_color__hover_enabled=\u00bboff\u00bb button_one_text_color__hover_enabled=\u00bboff\u00bb button_two_text_color__hover_enabled=\u00bboff\u00bb button_border_width__hover_enabled=\u00bboff\u00bb button_one_border_width__hover_enabled=\u00bboff\u00bb button_two_border_width__hover_enabled=\u00bboff\u00bb button_border_color__hover_enabled=\u00bboff\u00bb button_one_border_color__hover_enabled=\u00bboff\u00bb button_two_border_color__hover_enabled=\u00bboff\u00bb button_border_radius__hover_enabled=\u00bboff\u00bb button_one_border_radius__hover_enabled=\u00bboff\u00bb button_two_border_radius__hover_enabled=\u00bboff\u00bb button_letter_spacing__hover_enabled=\u00bboff\u00bb button_one_letter_spacing__hover_enabled=\u00bboff\u00bb button_two_letter_spacing__hover_enabled=\u00bboff\u00bb button_bg_color__hover_enabled=\u00bboff\u00bb button_one_bg_color__hover_enabled=\u00bboff\u00bb button_two_bg_color__hover_enabled=\u00bboff\u00bb][\/et_pb_contact_field][et_pb_contact_field field_id=\u00bbEmail\u00bb field_title=\u00bbEmail\u00bb field_type=\u00bbemail\u00bb _builder_version=\u00bb4.16&#8243; global_colors_info=\u00bb{}\u00bb button_text_size__hover_enabled=\u00bboff\u00bb button_one_text_size__hover_enabled=\u00bboff\u00bb button_two_text_size__hover_enabled=\u00bboff\u00bb button_text_color__hover_enabled=\u00bboff\u00bb button_one_text_color__hover_enabled=\u00bboff\u00bb button_two_text_color__hover_enabled=\u00bboff\u00bb button_border_width__hover_enabled=\u00bboff\u00bb button_one_border_width__hover_enabled=\u00bboff\u00bb button_two_border_width__hover_enabled=\u00bboff\u00bb button_border_color__hover_enabled=\u00bboff\u00bb button_one_border_color__hover_enabled=\u00bboff\u00bb button_two_border_color__hover_enabled=\u00bboff\u00bb button_border_radius__hover_enabled=\u00bboff\u00bb button_one_border_radius__hover_enabled=\u00bboff\u00bb button_two_border_radius__hover_enabled=\u00bboff\u00bb button_letter_spacing__hover_enabled=\u00bboff\u00bb button_one_letter_spacing__hover_enabled=\u00bboff\u00bb button_two_letter_spacing__hover_enabled=\u00bboff\u00bb button_bg_color__hover_enabled=\u00bboff\u00bb button_one_bg_color__hover_enabled=\u00bboff\u00bb button_two_bg_color__hover_enabled=\u00bboff\u00bb][\/et_pb_contact_field][et_pb_contact_field field_id=\u00bbMessage\u00bb field_title=\u00bbMensaje\u00bb field_type=\u00bbtext\u00bb fullwidth_field=\u00bbon\u00bb _builder_version=\u00bb4.16&#8243; global_colors_info=\u00bb{}\u00bb button_text_size__hover_enabled=\u00bboff\u00bb button_one_text_size__hover_enabled=\u00bboff\u00bb button_two_text_size__hover_enabled=\u00bboff\u00bb button_text_color__hover_enabled=\u00bboff\u00bb button_one_text_color__hover_enabled=\u00bboff\u00bb button_two_text_color__hover_enabled=\u00bboff\u00bb button_border_width__hover_enabled=\u00bboff\u00bb button_one_border_width__hover_enabled=\u00bboff\u00bb button_two_border_width__hover_enabled=\u00bboff\u00bb button_border_color__hover_enabled=\u00bboff\u00bb button_one_border_color__hover_enabled=\u00bboff\u00bb button_two_border_color__hover_enabled=\u00bboff\u00bb button_border_radius__hover_enabled=\u00bboff\u00bb button_one_border_radius__hover_enabled=\u00bboff\u00bb button_two_border_radius__hover_enabled=\u00bboff\u00bb button_letter_spacing__hover_enabled=\u00bboff\u00bb button_one_letter_spacing__hover_enabled=\u00bboff\u00bb button_two_letter_spacing__hover_enabled=\u00bboff\u00bb button_bg_color__hover_enabled=\u00bboff\u00bb button_one_bg_color__hover_enabled=\u00bboff\u00bb button_two_bg_color__hover_enabled=\u00bboff\u00bb][\/et_pb_contact_field][et_pb_contact_field field_id=\u00bbField_4&#8243; field_title=\u00bbRGPD\u00bb field_type=\u00bbcheckbox\u00bb checkbox_options=\u00bb%91{%22value%22:%22Acepto la pol\u00edtica de privacidad.%22,%22checked%22:0,%22dragID%22:-1}%93&#8243; fullwidth_field=\u00bbon\u00bb _builder_version=\u00bb4.16&#8243; link_option_url=\u00bbhttps:\/\/elenaartesescenicas.es\/politica-de-privacidad\u00bb global_colors_info=\u00bb{}\u00bb][\/et_pb_contact_field][et_pb_contact_field field_id=\u00bbField_5&#8243; field_title=\u00bbPOLITICA DE PRIVADIDAD\u00bb fullwidth_field=\u00bbon\u00bb _builder_version=\u00bb4.16&#8243; link_option_url=\u00bbhttps:\/\/elenaartesescenicas.es\/politica-de-privacidad\u00bb global_colors_info=\u00bb{}\u00bb][\/et_pb_contact_field][\/et_pb_contact_form][\/et_pb_column][\/et_pb_row][et_pb_row _builder_version=\u00bb4.16.1&#8243; _module_preset=\u00bbdefault\u00bb global_colors_info=\u00bb{}\u00bb][et_pb_column type=\u00bb4_4&#8243; _builder_version=\u00bb4.16.1&#8243; _module_preset=\u00bbdefault\u00bb global_colors_info=\u00bb{}\u00bb][et_pb_social_media_follow _builder_version=\u00bb4.16.1&#8243; _module_preset=\u00bbdefault\u00bb text_orientation=\u00bbright\u00bb min_height=\u00bb44px\u00bb custom_margin=\u00bb-41px|||||\u00bb custom_padding=\u00bb6px|||||\u00bb global_colors_info=\u00bb{}\u00bb][et_pb_social_media_follow_network social_network=\u00bbfacebook\u00bb url=\u00bbhttps:\/\/www.facebook.com\/elena.martinez.332345&#8243; _builder_version=\u00bb4.16&#8243; _module_preset=\u00bbdefault\u00bb background_color=\u00bb#3b5998&#8243; global_colors_info=\u00bb{}\u00bb follow_button=\u00bboff\u00bb url_new_window=\u00bbon\u00bb]facebook[\/et_pb_social_media_follow_network][et_pb_social_media_follow_network social_network=\u00bbtwitter\u00bb url=\u00bbhttps:\/\/twitter.com\/elenaartesesce1&#8243; _builder_version=\u00bb4.16&#8243; _module_preset=\u00bbdefault\u00bb background_color=\u00bb#00aced\u00bb global_colors_info=\u00bb{}\u00bb follow_button=\u00bboff\u00bb url_new_window=\u00bbon\u00bb]twitter[\/et_pb_social_media_follow_network][et_pb_social_media_follow_network social_network=\u00bbinstagram\u00bb url=\u00bbhttps:\/\/instagram.com\/elenaartesescenicas?utm_medium=copy_link\u00bb _builder_version=\u00bb4.16&#8243; _module_preset=\u00bbdefault\u00bb background_color=\u00bb#ea2c59&#8243; global_colors_info=\u00bb{}\u00bb follow_button=\u00bboff\u00bb url_new_window=\u00bbon\u00bb]instagram[\/et_pb_social_media_follow_network][et_pb_social_media_follow_network social_network=\u00bblinkedin\u00bb url=\u00bbhttps:\/\/www.linkedin.com\/in\/elena-mart%C3%ADnez-93870255\/\u00bb _builder_version=\u00bb4.16&#8243; _module_preset=\u00bbdefault\u00bb background_color=\u00bb#007bb6&#8243; global_colors_info=\u00bb{}\u00bb follow_button=\u00bboff\u00bb url_new_window=\u00bbon\u00bb]linkedin[\/et_pb_social_media_follow_network][\/et_pb_social_media_follow][\/et_pb_column][\/et_pb_row][\/et_pb_section]<\/p>\n","protected":false},"excerpt":{"rendered":"<p>Env\u00edame un mensaje y te responder\u00e9 lo antes posible, gracias.Tambi\u00e9n puedes llamarme al + 34 629159537<\/p>","protected":false},"author":1,"featured_media":0,"parent":0,"menu_order":0,"comment_status":"closed","ping_status":"closed","template":"","meta":{"_et_pb_use_builder":"on","_et_pb_old_content":"","_et_gb_content_width":"","footnotes":""},"class_list":["post-1464","page","type-page","status-publish","hentry"],"yoast_head":"<!-- This site is optimized with the Yoast SEO plugin v27.3 - https:\/\/yoast.com\/product\/yoast-seo-wordpress\/ -->\n<title>Contacto &#187; Elena Artes Esc\u00e9nicas<\/title>\n<meta name=\"robots\" content=\"index, follow, max-snippet:-1, max-image-preview:large, max-video-preview:-1\" \/>\n<link rel=\"canonical\" href=\"https:\/\/elenaartesescenicas.es\/en\/contacto-prueba\/\" \/>\n<meta property=\"og:locale\" content=\"en_GB\" \/>\n<meta property=\"og:type\" content=\"article\" \/>\n<meta property=\"og:title\" content=\"Contacto &#187; Elena Artes Esc\u00e9nicas\" \/>\n<meta property=\"og:description\" content=\"Env\u00edame un mensaje y te responder\u00e9 lo antes posible, gracias.Tambi\u00e9n puedes llamarme al + 34 629159537\" \/>\n<meta property=\"og:url\" content=\"https:\/\/elenaartesescenicas.es\/en\/contacto-prueba\/\" \/>\n<meta property=\"og:site_name\" content=\"Elena Artes Esc\u00e9nicas\" \/>\n<meta property=\"article:modified_time\" content=\"2022-05-21T15:45:30+00:00\" \/>\n<meta name=\"twitter:card\" content=\"summary_large_image\" \/>\n<script type=\"application\/ld+json\" class=\"yoast-schema-graph\">{\"@context\":\"https:\\\/\\\/schema.org\",\"@graph\":[{\"@type\":\"WebPage\",\"@id\":\"https:\\\/\\\/elenaartesescenicas.es\\\/contacto-prueba\\\/\",\"url\":\"https:\\\/\\\/elenaartesescenicas.es\\\/contacto-prueba\\\/\",\"name\":\"Contacto &#187; Elena Artes Esc\u00e9nicas\",\"isPartOf\":{\"@id\":\"https:\\\/\\\/elenaartesescenicas.es\\\/#website\"},\"datePublished\":\"2022-05-21T15:18:55+00:00\",\"dateModified\":\"2022-05-21T15:45:30+00:00\",\"breadcrumb\":{\"@id\":\"https:\\\/\\\/elenaartesescenicas.es\\\/contacto-prueba\\\/#breadcrumb\"},\"inLanguage\":\"en-GB\",\"potentialAction\":[{\"@type\":\"ReadAction\",\"target\":[\"https:\\\/\\\/elenaartesescenicas.es\\\/contacto-prueba\\\/\"]}]},{\"@type\":\"BreadcrumbList\",\"@id\":\"https:\\\/\\\/elenaartesescenicas.es\\\/contacto-prueba\\\/#breadcrumb\",\"itemListElement\":[{\"@type\":\"ListItem\",\"position\":1,\"name\":\"Portada\",\"item\":\"https:\\\/\\\/elenaartesescenicas.es\\\/\"},{\"@type\":\"ListItem\",\"position\":2,\"name\":\"Contacto\"}]},{\"@type\":\"WebSite\",\"@id\":\"https:\\\/\\\/elenaartesescenicas.es\\\/#website\",\"url\":\"https:\\\/\\\/elenaartesescenicas.es\\\/\",\"name\":\"Elena Artes Esc\u00e9nicas\",\"description\":\"Producci\u00f3n ejecutiva, distribuci\u00f3n y formaci\u00f3n en artes esc\u00e9nicas\",\"publisher\":{\"@id\":\"https:\\\/\\\/elenaartesescenicas.es\\\/#\\\/schema\\\/person\\\/b9fa49ec949bc8b8be0b945162315a8c\"},\"potentialAction\":[{\"@type\":\"SearchAction\",\"target\":{\"@type\":\"EntryPoint\",\"urlTemplate\":\"https:\\\/\\\/elenaartesescenicas.es\\\/?s={search_term_string}\"},\"query-input\":{\"@type\":\"PropertyValueSpecification\",\"valueRequired\":true,\"valueName\":\"search_term_string\"}}],\"inLanguage\":\"en-GB\"},{\"@type\":[\"Person\",\"Organization\"],\"@id\":\"https:\\\/\\\/elenaartesescenicas.es\\\/#\\\/schema\\\/person\\\/b9fa49ec949bc8b8be0b945162315a8c\",\"name\":\"Elena\",\"image\":{\"@type\":\"ImageObject\",\"inLanguage\":\"en-GB\",\"@id\":\"https:\\\/\\\/secure.gravatar.com\\\/avatar\\\/7ba1496d02c99cc23f59063d9560670a392be825ee2d5a164b951797d08888b4?s=96&d=mm&r=g\",\"url\":\"https:\\\/\\\/secure.gravatar.com\\\/avatar\\\/7ba1496d02c99cc23f59063d9560670a392be825ee2d5a164b951797d08888b4?s=96&d=mm&r=g\",\"contentUrl\":\"https:\\\/\\\/secure.gravatar.com\\\/avatar\\\/7ba1496d02c99cc23f59063d9560670a392be825ee2d5a164b951797d08888b4?s=96&d=mm&r=g\",\"caption\":\"Elena\"},\"logo\":{\"@id\":\"https:\\\/\\\/secure.gravatar.com\\\/avatar\\\/7ba1496d02c99cc23f59063d9560670a392be825ee2d5a164b951797d08888b4?s=96&d=mm&r=g\"},\"sameAs\":[\"http:\\\/\\\/elenaartesescenicas.es\"]}]}<\/script>\n<!-- \/ Yoast SEO plugin. -->","yoast_head_json":{"title":"Contacto &#187; Elena Artes Esc\u00e9nicas","robots":{"index":"index","follow":"follow","max-snippet":"max-snippet:-1","max-image-preview":"max-image-preview:large","max-video-preview":"max-video-preview:-1"},"canonical":"https:\/\/elenaartesescenicas.es\/en\/contacto-prueba\/","og_locale":"en_GB","og_type":"article","og_title":"Contacto &#187; Elena Artes Esc\u00e9nicas","og_description":"Env\u00edame un mensaje y te responder\u00e9 lo antes posible, gracias.Tambi\u00e9n puedes llamarme al + 34 629159537","og_url":"https:\/\/elenaartesescenicas.es\/en\/contacto-prueba\/","og_site_name":"Elena Artes Esc\u00e9nicas","article_modified_time":"2022-05-21T15:45:30+00:00","twitter_card":"summary_large_image","schema":{"@context":"https:\/\/schema.org","@graph":[{"@type":"WebPage","@id":"https:\/\/elenaartesescenicas.es\/contacto-prueba\/","url":"https:\/\/elenaartesescenicas.es\/contacto-prueba\/","name":"Contacto &#187; Elena Artes Esc\u00e9nicas","isPartOf":{"@id":"https:\/\/elenaartesescenicas.es\/#website"},"datePublished":"2022-05-21T15:18:55+00:00","dateModified":"2022-05-21T15:45:30+00:00","breadcrumb":{"@id":"https:\/\/elenaartesescenicas.es\/contacto-prueba\/#breadcrumb"},"inLanguage":"en-GB","potentialAction":[{"@type":"ReadAction","target":["https:\/\/elenaartesescenicas.es\/contacto-prueba\/"]}]},{"@type":"BreadcrumbList","@id":"https:\/\/elenaartesescenicas.es\/contacto-prueba\/#breadcrumb","itemListElement":[{"@type":"ListItem","position":1,"name":"Portada","item":"https:\/\/elenaartesescenicas.es\/"},{"@type":"ListItem","position":2,"name":"Contacto"}]},{"@type":"WebSite","@id":"https:\/\/elenaartesescenicas.es\/#website","url":"https:\/\/elenaartesescenicas.es\/","name":"Elena Artes Esc\u00e9nicas","description":"Producci\u00f3n ejecutiva, distribuci\u00f3n y formaci\u00f3n en artes esc\u00e9nicas","publisher":{"@id":"https:\/\/elenaartesescenicas.es\/#\/schema\/person\/b9fa49ec949bc8b8be0b945162315a8c"},"potentialAction":[{"@type":"SearchAction","target":{"@type":"EntryPoint","urlTemplate":"https:\/\/elenaartesescenicas.es\/?s={search_term_string}"},"query-input":{"@type":"PropertyValueSpecification","valueRequired":true,"valueName":"search_term_string"}}],"inLanguage":"en-GB"},{"@type":["Person","Organization"],"@id":"https:\/\/elenaartesescenicas.es\/#\/schema\/person\/b9fa49ec949bc8b8be0b945162315a8c","name":"Elena","image":{"@type":"ImageObject","inLanguage":"en-GB","@id":"https:\/\/secure.gravatar.com\/avatar\/7ba1496d02c99cc23f59063d9560670a392be825ee2d5a164b951797d08888b4?s=96&d=mm&r=g","url":"https:\/\/secure.gravatar.com\/avatar\/7ba1496d02c99cc23f59063d9560670a392be825ee2d5a164b951797d08888b4?s=96&d=mm&r=g","contentUrl":"https:\/\/secure.gravatar.com\/avatar\/7ba1496d02c99cc23f59063d9560670a392be825ee2d5a164b951797d08888b4?s=96&d=mm&r=g","caption":"Elena"},"logo":{"@id":"https:\/\/secure.gravatar.com\/avatar\/7ba1496d02c99cc23f59063d9560670a392be825ee2d5a164b951797d08888b4?s=96&d=mm&r=g"},"sameAs":["http:\/\/elenaartesescenicas.es"]}]}},"jetpack_sharing_enabled":true,"_links":{"self":[{"href":"https:\/\/elenaartesescenicas.es\/en\/wp-json\/wp\/v2\/pages\/1464","targetHints":{"allow":["GET"]}}],"collection":[{"href":"https:\/\/elenaartesescenicas.es\/en\/wp-json\/wp\/v2\/pages"}],"about":[{"href":"https:\/\/elenaartesescenicas.es\/en\/wp-json\/wp\/v2\/types\/page"}],"author":[{"embeddable":true,"href":"https:\/\/elenaartesescenicas.es\/en\/wp-json\/wp\/v2\/users\/1"}],"replies":[{"embeddable":true,"href":"https:\/\/elenaartesescenicas.es\/en\/wp-json\/wp\/v2\/comments?post=1464"}],"version-history":[{"count":8,"href":"https:\/\/elenaartesescenicas.es\/en\/wp-json\/wp\/v2\/pages\/1464\/revisions"}],"predecessor-version":[{"id":1487,"href":"https:\/\/elenaartesescenicas.es\/en\/wp-json\/wp\/v2\/pages\/1464\/revisions\/1487"}],"wp:attachment":[{"href":"https:\/\/elenaartesescenicas.es\/en\/wp-json\/wp\/v2\/media?parent=1464"}],"curies":[{"name":"wp","href":"https:\/\/api.w.org\/{rel}","templated":true}]}}